{"id":119,"date":"2016-03-25T12:29:42","date_gmt":"2016-03-25T11:29:42","guid":{"rendered":"http:\/\/www.juergengratz.de\/wordpress\/?page_id=119"},"modified":"2016-03-30T12:58:43","modified_gmt":"2016-03-30T10:58:43","slug":"versionen","status":"publish","type":"page","link":"https:\/\/www.juergengratz.de\/wordpress\/impressum\/versionen\/","title":{"rendered":"Versionen"},"content":{"rendered":"<p style=\"text-align: left;\"><strong>Versionen dieser Internet-Seite:<\/strong><\/p>\n<p style=\"text-align: left;\"><em>1.00\u00a0\u00a0\u00a0\u00a0\u00a0\u00a0\u00a0 23.03.16<\/em><br \/>\nStartversion mit Template Dublin, Beitr\u00e4gen, Kontaktformular usw.<\/p>\n<p style=\"text-align: left;\"><em>1.01\u00a0\u00a0\u00a0\u00a0\u00a0\u00a0\u00a0 25.03.16<\/em><br \/>\nFeedback- und Versionsseite eingebaut, Aufrufe im Footer C<br \/>\nzur\u00fcck-Links auf allen Seiten mit Home ersetzt<br \/>\nHauptmen\u00fc ge\u00e4ndert als Seiten mit Unterpunkten\/Kategorien<br \/>\nHauptmen\u00fc Probleme mit Anwendungsgebieten<br \/>\nTerminwunsch-Seite zugef\u00fcgt<br \/>\nNewsletter eingebaut<\/p>\n<p style=\"text-align: left;\">1.02\u00a0\u00a0\u00a0\u00a0 30.03.16<br \/>\nSEO eingebaut, einige Korrekturen<br \/>\nEinige neue Beitr\u00e4ge mit Beitragsbildern erstellt<br \/>\nG\u00e4stebuch wird Meinungen<\/p>\n<p style=\"text-align: left;\">\n<p style=\"text-align: left;\"><a href=\"https:\/\/www.juergengratz.de\/wordpress\/\">Home<\/a><\/p>\n","protected":false},"excerpt":{"rendered":"<p>Versionen dieser Internet-Seite: 1.00\u00a0\u00a0\u00a0\u00a0\u00a0\u00a0\u00a0 23.03.16 Startversion mit Template Dublin, Beitr\u00e4gen, Kontaktformular usw. 1.01\u00a0\u00a0\u00a0\u00a0\u00a0\u00a0\u00a0 25.03.16 Feedback- und Versionsseite eingebaut, Aufrufe im Footer C zur\u00fcck-Links auf allen Seiten mit Home ersetzt Hauptmen\u00fc ge\u00e4ndert als Seiten mit Unterpunkten\/Kategorien Hauptmen\u00fc Probleme mit Anwendungsgebieten Terminwunsch-Seite zugef\u00fcgt Newsletter eingebaut 1.02\u00a0\u00a0\u00a0\u00a0 30.03.16 SEO eingebaut, einige Korrekturen Einige neue Beitr\u00e4ge mit Beitragsbildern erstellt [&hellip;]<\/p>\n","protected":false},"author":1,"featured_media":0,"parent":7,"menu_order":0,"comment_status":"closed","ping_status":"closed","template":"page_front-page.php","meta":{"wpupg_custom_link":[],"wpupg_custom_link_behaviour":[],"wpupg_custom_image":[],"wpupg_custom_image_id":[],"footnotes":""},"_links":{"self":[{"href":"https:\/\/www.juergengratz.de\/wordpress\/wp-json\/wp\/v2\/pages\/119"}],"collection":[{"href":"https:\/\/www.juergengratz.de\/wordpress\/wp-json\/wp\/v2\/pages"}],"about":[{"href":"https:\/\/www.juergengratz.de\/wordpress\/wp-json\/wp\/v2\/types\/page"}],"author":[{"embeddable":true,"href":"https:\/\/www.juergengratz.de\/wordpress\/wp-json\/wp\/v2\/users\/1"}],"replies":[{"embeddable":true,"href":"https:\/\/www.juergengratz.de\/wordpress\/wp-json\/wp\/v2\/comments?post=119"}],"version-history":[{"count":9,"href":"https:\/\/www.juergengratz.de\/wordpress\/wp-json\/wp\/v2\/pages\/119\/revisions"}],"predecessor-version":[{"id":216,"href":"https:\/\/www.juergengratz.de\/wordpress\/wp-json\/wp\/v2\/pages\/119\/revisions\/216"}],"up":[{"embeddable":true,"href":"https:\/\/www.juergengratz.de\/wordpress\/wp-json\/wp\/v2\/pages\/7"}],"wp:attachment":[{"href":"https:\/\/www.juergengratz.de\/wordpress\/wp-json\/wp\/v2\/media?parent=119"}],"curies":[{"name":"wp","href":"https:\/\/api.w.org\/{rel}","templated":true}]}}