{"id":132,"date":"2016-03-25T12:52:22","date_gmt":"2016-03-25T11:52:22","guid":{"rendered":"http:\/\/www.juergengratz.de\/wordpress\/?page_id=132"},"modified":"2016-03-30T09:09:13","modified_gmt":"2016-03-30T07:09:13","slug":"gaestebuch","status":"publish","type":"page","link":"https:\/\/www.juergengratz.de\/wordpress\/kontakt\/gaestebuch\/","title":{"rendered":"Meinungen"},"content":{"rendered":"<h3>Meinungen<\/h3>\n<div class=\"gwolle-gb\"><div class=\"gwolle-gb-messages-top-container\"><\/div>\n\t\t\t<div class=\"gwolle-gb-write-button\">\n\t\t\t\t<input type=\"button\" name=\"gwolle-gb-write-button\" class=\"button btn btn-default \" value=\"Neuen Eintrag schreiben\" aria-expanded=\"false\" \/>\n\t\t\t<\/div>\n\t\t\t<form action=\"#\" method=\"POST\" class=\"gwolle-gb-write gwolle-gb-hide gwolle-gb-float gwolle-gb-form-ajax gwolle-gb-ajax gwolle-gb-not-logged-in\">\n\t\t\t\t<h3>Bitte erstellen Sie einen neuen Eintrag<\/h3>\n\t\t\t\t<button type=\"button\" class=\"gb-notice-dismiss\">x<span class=\"screen-reader-text\">Dieses Formular ausblenden<\/span><\/button>\n\t\t\t\n\t\t\t\t<input type=\"hidden\" name=\"gwolle_gb_function\" class=\"gwolle_gb_function\" value=\"add_entry\" \/><input type=\"hidden\" name=\"gwolle_gb_book_id\" class=\"gwolle_gb_book_id\" value=\"1\" \/><div class=\"gwolle_gb_f885814cec2d4baa04fde259eafbd446\">\n\t\t\t\t<div class=\"label\"><label for=\"gwolle_gb_f885814cec2d4baa04fde259eafbd446-1\" class=\"text-info\">Name <span class=\"required\">*<\/span><\/label><\/div>\n\t\t\t\t<div class=\"input\"><input class=\"wp-exclude-emoji gwolle_gb_f885814cec2d4baa04fde259eafbd446\" value=\"\" type=\"text\" id=\"gwolle_gb_f885814cec2d4baa04fde259eafbd446-1\" name=\"gwolle_gb_f885814cec2d4baa04fde259eafbd446\" required \/><\/div>\n\t\t\t\t<div class=\"clearBoth\">&nbsp;<\/div>\n\t\t\t<\/div><div class=\"gwolle_gb_ba78404e53c18123cc39d4cad0d4d903\">\n\t\t\t\t\t<div class=\"label\"><label for=\"gwolle_gb_ba78404e53c18123cc39d4cad0d4d903-1\" class=\"text-info\">Stadt<\/label><\/div>\n\t\t\t\t\t<div class=\"input\"><input class=\"wp-exclude-emoji gwolle_gb_ba78404e53c18123cc39d4cad0d4d903\" value=\"\" type=\"text\" id=\"gwolle_gb_ba78404e53c18123cc39d4cad0d4d903-1\" name=\"gwolle_gb_ba78404e53c18123cc39d4cad0d4d903\" \/><\/div>\n\t\t\t\t\t<div class=\"clearBoth\">&nbsp;<\/div>\n\t\t\t\t<\/div><div class=\"gwolle_gb_199774d40bd93b502e9d2fb025106a1c\">\n\t\t\t\t<div class=\"label\"><label for=\"gwolle_gb_199774d40bd93b502e9d2fb025106a1c-1\" class=\"text-info\">E-Mail <span class=\"required\">*<\/span><\/label><\/div>\n\t\t\t\t<div class=\"input\"><input class=\"gwolle_gb_199774d40bd93b502e9d2fb025106a1c\" value=\"\" type=\"email\" id=\"gwolle_gb_199774d40bd93b502e9d2fb025106a1c-1\" name=\"gwolle_gb_199774d40bd93b502e9d2fb025106a1c\" required \/><\/div>\n\t\t\t\t<div class=\"clearBoth\">&nbsp;<\/div>\n\t\t\t<\/div><div class=\"gwolle_gb_f0f7d171183bfe43650e0ab389a2a2e6\">\n\t\t\t\t<div class=\"label\"><label for=\"gwolle_gb_f0f7d171183bfe43650e0ab389a2a2e6-1\" class=\"text-info\">Website<\/label><\/div>\n\t\t\t\t<div class=\"input\"><input class=\"gwolle_gb_f0f7d171183bfe43650e0ab389a2a2e6\" value=\"\" type=\"url\" id=\"gwolle_gb_f0f7d171183bfe43650e0ab389a2a2e6-1\" name=\"gwolle_gb_f0f7d171183bfe43650e0ab389a2a2e6\" \/><\/div>\n\t\t\t\t<div class=\"clearBoth\">&nbsp;<\/div>\n\t\t\t<\/div>\n\t\t\t<div class=\"gwolle_gb_d26f940f458f36a70f236e50bd7d430e\" style=\"display:none;overflow:hidden;\" hidden=\"true\" aria-hidden=\"true\">\n\t\t\t\t<div class=\"label\">\n\t\t\t\t\t<label for=\"gwolle_gb_d26f940f458f36a70f236e50bd7d430e-1\" class=\"text-primary\">Hier nichts eingeben<\/label>\n\t\t\t\t\t<label for=\"gwolle_gb_43826e32a59196b2fda1e0a2ffc4f974-1\" class=\"text-primary\">Hier nichts eingeben<\/label>\n\t\t\t\t<\/div>\n\t\t\t\t<div class=\"input\">\n\t\t\t\t\t<input value=\"64\" type=\"text\" id=\"gwolle_gb_d26f940f458f36a70f236e50bd7d430e-1\" name=\"gwolle_gb_d26f940f458f36a70f236e50bd7d430e\" class=\"gwolle_gb_d26f940f458f36a70f236e50bd7d430e\" style=\"transform: translateY(10000px);\" \/>\n\t\t\t\t\t<input value=\"\" type=\"text\" name=\"gwolle_gb_43826e32a59196b2fda1e0a2ffc4f974\" id=\"gwolle_gb_43826e32a59196b2fda1e0a2ffc4f974-1\" class=\"gwolle_gb_43826e32a59196b2fda1e0a2ffc4f974\" style=\"transform: translateY(10000px);\" \/>\n\t\t\t\t<\/div>\n\t\t\t\t<div class=\"clearBoth\"><\/div>\n\t\t\t<\/div>\n\t\t\t<div class=\"gwolle_gb_d613711c93a0449ef58f4f1cf6278be6\" style=\"display:none;overflow:hidden;\" hidden=\"true\" aria-hidden=\"true\">\n\t\t\t\t<div class=\"label\">\n\t\t\t\t\t<label for=\"gwolle_gb_d613711c93a0449ef58f4f1cf6278be6-1\" class=\"text-primary\">Hier nichts eingeben<\/label>\n\t\t\t\t\t<label for=\"gwolle_gb_54ac68d5075f991bb0d1597c299e3858-1\" class=\"text-primary\">Hier nichts eingeben<\/label>\n\t\t\t\t<\/div>\n\t\t\t\t<div class=\"input\">\n\t\t\t\t\t<input value=\"32256\" type=\"text\" id=\"gwolle_gb_d613711c93a0449ef58f4f1cf6278be6-1\" name=\"gwolle_gb_d613711c93a0449ef58f4f1cf6278be6\" class=\"gwolle_gb_d613711c93a0449ef58f4f1cf6278be6\" style=\"transform: translateY(10000px);\" \/>\n\t\t\t\t\t<input value=\"32256\" type=\"text\"id=\"gwolle_gb_54ac68d5075f991bb0d1597c299e3858-1\" name=\"gwolle_gb_54ac68d5075f991bb0d1597c299e3858\" class=\"gwolle_gb_54ac68d5075f991bb0d1597c299e3858\" style=\"transform: translateY(10000px);\" \/>\n\t\t\t\t<\/div>\n\t\t\t\t<div class=\"clearBoth\"><\/div>\n\t\t\t<\/div><div class=\"gwolle_gb_content\">\n\t\t\t\t<div class=\"label\"><label for=\"gwolle_gb_content-1\" class=\"text-info\">G\u00e4stebucheintrag <span class=\"required\">*<\/span><\/label><\/div>\n\t\t\t\t<div class=\"input\"><textarea id=\"gwolle_gb_content-1\" name=\"gwolle_gb_content\" class=\"gwolle_gb_content wp-exclude-emoji\" required ><\/textarea><\/div>\n\t\t\t\t\t<div class=\"clearBoth\">&nbsp;<\/div>\n\t\t\t\t<\/div><input type=\"hidden\" class=\"gwolle_gb_0e4b3829a079a09c8c462c89d0e84b10\" id=\"gwolle_gb_0e4b3829a079a09c8c462c89d0e84b10-1\" name=\"gwolle_gb_0e4b3829a079a09c8c462c89d0e84b10\" value=\"d255820489\" \/>\n\t\t\t<div class=\"gwolle-gb-messages-bottom-container\"><\/div>\n\n\t\t\t<noscript><div class=\"no-js\">Warnung: Dieses Formular kann nur verwendet werden, wenn in deinem Browser JavaScript aktiviert ist.<\/div><\/noscript>\n\n\t\t\t<div class=\"gwolle_gb_submit gwolle-gb-submit\">\n\t\t\t\t<div class=\"label gwolle-gb-invisible text-muted\">&nbsp;<\/div>\n\t\t\t\t<div class=\"input\">\n\t\t\t\t\t<input type=\"submit\" name=\"gwolle_gb_submit\" class=\"gwolle_gb_submit button btn btn-primary \" value=\"Absenden\" \/>\n\t\t\t\t\t<span class=\"gwolle_gb_submit_ajax_icon gwolle-gb-submit-ajax-icon\"><\/span>\n\t\t\t\n\t\t\t\t<\/div>\n\t\t\t\t<div class=\"clearBoth\">&nbsp;<\/div>\n\t\t\t<\/div>\n\n\t\t\t<div class=\"gwolle_gb_notice gwolle-gb-notice\">\n\t\t\t\tFelder mit dem * m\u00fcssen ausgef\u00fcllt werden.<br \/>\r\nDie Email-Adresse wird nicht ver\u00f6ffentlicht.<br \/>\r\nZur Sicherheit wird die IP-Adresse 216.73.216.213 gespeichert.<br \/>\r\nM\u00f6glicherweise erscheint der Eintrag erst nach der Freigabe.<br \/>\r\nVorbehalten bleibt die M\u00f6glichkeit, den Eintrag zu \u00e4ndern, zu l\u00f6schen oder ihn nicht zu ver\u00f6ffentlichen.\n\t\t\t<\/div><\/form><div class=\"gwolle-gb-read gwolle-gb-ajax gwolle-gb-entries-list\" data-book_id=\"1\">(Noch keine Eintr\u00e4ge)<\/div><\/div>\n<p>&nbsp;<\/p>\n<p><a href=\"https:\/\/www.juergengratz.de\/wordpress\/\">Home<\/a><\/p>\n","protected":false},"excerpt":{"rendered":"<p>Meinungen &nbsp; Home<\/p>\n","protected":false},"author":1,"featured_media":0,"parent":13,"menu_order":0,"comment_status":"closed","ping_status":"closed","template":"page_front-page.php","meta":{"wpupg_custom_link":[],"wpupg_custom_link_behaviour":[],"wpupg_custom_image":[],"wpupg_custom_image_id":[],"footnotes":""},"_links":{"self":[{"href":"https:\/\/www.juergengratz.de\/wordpress\/wp-json\/wp\/v2\/pages\/132"}],"collection":[{"href":"https:\/\/www.juergengratz.de\/wordpress\/wp-json\/wp\/v2\/pages"}],"about":[{"href":"https:\/\/www.juergengratz.de\/wordpress\/wp-json\/wp\/v2\/types\/page"}],"author":[{"embeddable":true,"href":"https:\/\/www.juergengratz.de\/wordpress\/wp-json\/wp\/v2\/users\/1"}],"replies":[{"embeddable":true,"href":"https:\/\/www.juergengratz.de\/wordpress\/wp-json\/wp\/v2\/comments?post=132"}],"version-history":[{"count":3,"href":"https:\/\/www.juergengratz.de\/wordpress\/wp-json\/wp\/v2\/pages\/132\/revisions"}],"predecessor-version":[{"id":199,"href":"https:\/\/www.juergengratz.de\/wordpress\/wp-json\/wp\/v2\/pages\/132\/revisions\/199"}],"up":[{"embeddable":true,"href":"https:\/\/www.juergengratz.de\/wordpress\/wp-json\/wp\/v2\/pages\/13"}],"wp:attachment":[{"href":"https:\/\/www.juergengratz.de\/wordpress\/wp-json\/wp\/v2\/media?parent=132"}],"curies":[{"name":"wp","href":"https:\/\/api.w.org\/{rel}","templated":true}]}}