{"id":437,"date":"2017-04-16T10:25:28","date_gmt":"2017-04-16T08:25:28","guid":{"rendered":"http:\/\/www.juergengratz.de\/wordpress\/?page_id=437"},"modified":"2017-04-16T10:50:51","modified_gmt":"2017-04-16T08:50:51","slug":"person","status":"publish","type":"page","link":"https:\/\/www.juergengratz.de\/wordpress\/impressum\/person\/","title":{"rendered":"Person"},"content":{"rendered":"<p>&nbsp;<\/p>\n<hr \/>\n<h2>\u00dcber J\u00fcrgen Gratz<\/h2>\n<div id=\"matrix_135063\" class=\"sortable-matrix\" data-matrixid=\"135063\">\n<div class=\"n diyfeLiveArea\">\n<p><span style=\"font-size: 14pt;\">Wie kann man sich selbst beschreiben? Vielleicht versuche ich einfach, mich selbst zu interviewen.<\/span><\/p>\n<h3><span style=\"font-size: 14pt;\">Was glaube ich?<\/span><\/h3>\n<p><span style=\"font-size: 14pt;\">Am Ende des Lebens m\u00f6chte ich nicht zu viele Chancen verpasst haben. Und jede \u00dcberraschung sehe ich als eine Chance an. Deshalb schrecke ich m\u00f6glichst vor nichts zur\u00fcck. Und wenn ich eine Angst bei mir finde, kann ich sie \u00fcberwinden, indem ich es einfach probiere (ob es wirklich so schlimm ist).<\/span><\/p>\n<h3><span style=\"font-size: 14pt;\">Was m\u00f6chte ich?<\/span><\/h3>\n<p><span style=\"font-size: 14pt;\">In diesem Leben m\u00f6chte ich m\u00f6glichst viel Zeit authentisch und damit gl\u00fccklich verbringen. Ich m\u00f6chte viel verstehen und dabei vermeiden, ein Fachidiot zu werden. Deshalb wechsle ich \u00f6fter den Beruf und nutze immer mindestens gleichzeitig zwei Besch\u00e4ftigungen, die dann auch noch so wenig wie m\u00f6glich Ber\u00fchrung haben sollen. Zur Zeit lebe ich meine gr\u00f6\u00dften Schw\u00e4chen aus: Besserwisser sein und Helfersyndrom haben. Klar, dass ich das als Dozent und als Therapeut prima leben\u00a0 (und auch noch Geld daf\u00fcr bekommen) kann.<\/span><\/p>\n<h3><span style=\"font-size: 14pt;\">Was mag ich?<\/span><\/h3>\n<p><span style=\"font-size: 14pt;\">Sehr gerne mag ich Menschen und alle Lebewesen, Zuh\u00f6ren und Sprechen, Lebendiges ber\u00fchren, Mitdenken und Mitempfinden. Ich sch\u00e4tze sehr Ironie, Sarkasmus und diesen speziellen englischen Humor; leidenschaftlich R\u00e4tsel l\u00f6sen und Verbindungen suchen. Manchmal in Phantasiereisen und Meditationen andere Welten erschliessen. Und freie Zeiten f\u00fcr m\u00f6glichst viele Reisen in L\u00e4nder wie England, Skandinavien, Australien usw. nutzen. Oder mit dem Motorrad das Gebirge auf Mallorca genie\u00dfen.<\/span><\/p>\n<h3><span style=\"font-size: 14pt;\">Was mag ich nicht?<\/span><\/h3>\n<p><span style=\"font-size: 14pt;\">Menschen mit Urteilen und festen Meinungen reizen mich immer, ihnen eine andere Seite entgegenzustellen. Schwer umgehen kann ich mit &#8220;Brallern&#8221; &#8211; Menschen die Grandioses vorgeben, ank\u00fcndigen und dann doch nichts desgleichen tun. Meine Leidensf\u00e4higkeit strapazieren auch Menschen, die so gar nicht zuh\u00f6ren k\u00f6nnen und sich keinen Moment \u00fcber Andere Gedanken machen. Ebenso mag ich nicht halbfertige Arbeiten liegen lassen.<\/span><\/p>\n<hr \/>\n<p><span style=\"font-size: 14pt;\">Das bringt mich immer wieder zu einer ertr\u00e4glichen (und n\u00fctzlichen) Form von Perfektionismus:<\/span><\/p>\n<p><span style=\"font-size: 14pt;\">Als Dozent und Lehrer versuche ich Themen immer im Zusammenhang eingebettet und vollst\u00e4ndig zu vermitteln. Und alle Zuh\u00f6rer sollen das ganze Thema verstanden haben.<\/span><\/p>\n<p><span style=\"font-size: 14pt;\">Als Therapeut behandle ich seit mehr als 10 Jahren wenn m\u00f6glich immer den gesamten Menschen &#8211; von Fuss bis Kopf, physisch, energetisch, emotional und mental.<\/span><\/p>\n<p><span style=\"font-size: 14pt;\">Und nutze dabei viele geeignete Techniken und Methoden.<\/span><\/p>\n<p><span style=\"font-size: 14pt;\">Vielleicht sehen wir uns. Viele liebe Gr\u00fc\u00dfe<br \/>\n<\/span><\/p>\n<p><em><span style=\"font-size: 14pt;\">J\u00fcrgen Gratz<\/span><\/em><\/p>\n<\/div>\n<\/div>\n<hr \/>\n<p>&nbsp;<\/p>\n<div id=\"ShortCode_Div\">\n<hr \/>\n<\/div>\n","protected":false},"excerpt":{"rendered":"<p>&nbsp; \u00dcber J\u00fcrgen Gratz Wie kann man sich selbst beschreiben? Vielleicht versuche ich einfach, mich selbst zu interviewen. Was glaube ich? Am Ende des Lebens m\u00f6chte ich nicht zu viele Chancen verpasst haben. Und jede \u00dcberraschung sehe ich als eine Chance an. Deshalb schrecke ich m\u00f6glichst vor nichts zur\u00fcck. Und wenn ich eine Angst bei [&hellip;]<\/p>\n","protected":false},"author":1,"featured_media":31,"parent":7,"menu_order":0,"comment_status":"closed","ping_status":"closed","template":"page_fullwidth.php","meta":{"wpupg_custom_link":[],"wpupg_custom_link_behaviour":["default"],"wpupg_custom_image":[],"wpupg_custom_image_id":[],"footnotes":""},"_links":{"self":[{"href":"https:\/\/www.juergengratz.de\/wordpress\/wp-json\/wp\/v2\/pages\/437"}],"collection":[{"href":"https:\/\/www.juergengratz.de\/wordpress\/wp-json\/wp\/v2\/pages"}],"about":[{"href":"https:\/\/www.juergengratz.de\/wordpress\/wp-json\/wp\/v2\/types\/page"}],"author":[{"embeddable":true,"href":"https:\/\/www.juergengratz.de\/wordpress\/wp-json\/wp\/v2\/users\/1"}],"replies":[{"embeddable":true,"href":"https:\/\/www.juergengratz.de\/wordpress\/wp-json\/wp\/v2\/comments?post=437"}],"version-history":[{"count":7,"href":"https:\/\/www.juergengratz.de\/wordpress\/wp-json\/wp\/v2\/pages\/437\/revisions"}],"predecessor-version":[{"id":446,"href":"https:\/\/www.juergengratz.de\/wordpress\/wp-json\/wp\/v2\/pages\/437\/revisions\/446"}],"up":[{"embeddable":true,"href":"https:\/\/www.juergengratz.de\/wordpress\/wp-json\/wp\/v2\/pages\/7"}],"wp:featuredmedia":[{"embeddable":true,"href":"https:\/\/www.juergengratz.de\/wordpress\/wp-json\/wp\/v2\/media\/31"}],"wp:attachment":[{"href":"https:\/\/www.juergengratz.de\/wordpress\/wp-json\/wp\/v2\/media?parent=437"}],"curies":[{"name":"wp","href":"https:\/\/api.w.org\/{rel}","templated":true}]}}